{"id":4394520,"date":"2022-07-09T13:50:09","date_gmt":"2022-07-09T13:50:09","guid":{"rendered":"https:\/\/bushisistem.com\/?page_id=4394520"},"modified":"2022-07-13T08:15:18","modified_gmt":"2022-07-13T08:15:18","slug":"galeria","status":"publish","type":"page","link":"https:\/\/bushisistem.com\/en\/galeria\/","title":{"rendered":"GALLERY"},"content":{"rendered":"<p>[et_pb_section fb_built=&#8221;1&#8243; disabled_on=&#8221;off|off|off&#8221; admin_label=&#8221;Header Section&#8221; _builder_version=&#8221;4.17.4&#8243; _module_preset=&#8221;default&#8221; use_background_color_gradient=&#8221;on&#8221; background_color_gradient_stops=&#8221;rgba(20,61,88,0.65) 0%|rgba(20,61,88,0.66) 100%&#8221; background_color_gradient_overlays_image=&#8221;on&#8221; background_color_gradient_start=&#8221;rgba(20,61,88,0.65)&#8221; background_color_gradient_end=&#8221;#143d58&#8243; background_image=&#8221;https:\/\/bushisistem.com\/wp-content\/uploads\/2022\/07\/1.png&#8221; custom_margin=&#8221;|||&#8221; custom_padding=&#8221;4vw|0px|4vw|0px|true|false&#8221; bottom_divider_style=&#8221;mountains2&#8243; bottom_divider_color=&#8221;rgba(5,41,66,0.3)&#8221; bottom_divider_height=&#8221;20vw&#8221; animation_style=&#8221;slide&#8221; animation_direction=&#8221;top&#8221; animation_intensity_slide=&#8221;3%&#8221; animation_starting_opacity=&#8221;100%&#8221; global_colors_info=&#8221;{}&#8221;][et_pb_row disabled_on=&#8221;off|off|off&#8221; module_class=&#8221; et_pb_row_fullwidth&#8221; _builder_version=&#8221;4.16&#8243; _module_preset=&#8221;default&#8221; width=&#8221;89%&#8221; width_tablet=&#8221;80%&#8221; width_phone=&#8221;80%&#8221; width_last_edited=&#8221;on|desktop&#8221; max_width=&#8221;89%&#8221; max_width_tablet=&#8221;80%&#8221; max_width_phone=&#8221;80%&#8221; max_width_last_edited=&#8221;on|desktop&#8221; custom_padding=&#8221;|||&#8221; make_fullwidth=&#8221;on&#8221; global_colors_info=&#8221;{}&#8221;][et_pb_column type=&#8221;4_4&#8243; _builder_version=&#8221;4.16&#8243; _module_preset=&#8221;default&#8221; custom_padding=&#8221;|||&#8221; global_colors_info=&#8221;{}&#8221; custom_padding__hover=&#8221;|||&#8221;][et_pb_text disabled_on=&#8221;off|off|off&#8221; _builder_version=&#8221;4.17.4&#8243; _module_preset=&#8221;default&#8221; text_font=&#8221;Montserrat||||||||&#8221; text_font_size=&#8221;18px&#8221; text_line_height=&#8221;1.8em&#8221; header_font=&#8221;Montserrat|600||on|||||&#8221; header_text_align=&#8221;center&#8221; header_font_size=&#8221;5vw&#8221; header_line_height=&#8221;1.5em&#8221; text_orientation=&#8221;center&#8221; background_layout=&#8221;dark&#8221; custom_margin=&#8221;|||&#8221; header_font_size_tablet=&#8221;50px&#8221; header_font_size_phone=&#8221;&#8221; header_font_size_last_edited=&#8221;on|desktop&#8221; header_line_height_tablet=&#8221;1.1em&#8221; header_line_height_phone=&#8221;1.2em&#8221; header_line_height_last_edited=&#8221;off|desktop&#8221; global_colors_info=&#8221;{}&#8221;]<\/p>\n<h1>GALLERY<\/h1>\n<p>SOME OF OUR WORK<\/p>\n<p>[\/et_pb_text][\/et_pb_column][\/et_pb_row][\/et_pb_section][et_pb_section fb_built=&#8221;1&#8243; admin_label=&#8221;Gallery Section&#8221; _builder_version=&#8221;4.17.4&#8243; _module_preset=&#8221;default&#8221; custom_padding=&#8221;20px|0px|20px|0px|true|false&#8221; global_colors_info=&#8221;{}&#8221;][et_pb_row _builder_version=&#8221;4.17.4&#8243; _module_preset=&#8221;default&#8221; width=&#8221;99%&#8221; global_colors_info=&#8221;{}&#8221;][et_pb_column type=&#8221;4_4&#8243; _builder_version=&#8221;4.16&#8243; _module_preset=&#8221;default&#8221; custom_padding=&#8221;|||&#8221; global_colors_info=&#8221;{}&#8221; custom_padding__hover=&#8221;|||&#8221;][et_pb_gallery gallery_ids=&#8221;4394551,4394550,4394547,4394552,4394546,4394548,4394549,4394545&#8243; posts_number=&#8221;16&#8243; show_title_and_caption=&#8221;off&#8221; show_pagination=&#8221;off&#8221; hover_overlay_color=&#8221;RGBA(255,255,255,0)&#8221; _builder_version=&#8221;4.17.4&#8243; _module_preset=&#8221;default&#8221; hover_enabled=&#8221;0&#8243; global_colors_info=&#8221;{}&#8221; sticky_enabled=&#8221;0&#8243;][\/et_pb_gallery][\/et_pb_column][\/et_pb_row][\/et_pb_section][et_pb_section fb_built=&#8221;1&#8243; admin_label=&#8221;Footer Section&#8221; _builder_version=&#8221;4.17.4&#8243; _module_preset=&#8221;default&#8221; use_background_color_gradient=&#8221;on&#8221; background_color_gradient_stops=&#8221;rgba(20,61,88,0.65) 0%|#143d58 100%&#8221; background_color_gradient_overlays_image=&#8221;on&#8221; background_color_gradient_start=&#8221;rgba(20,61,88,0.65)&#8221; background_color_gradient_end=&#8221;#143d58&#8243; background_image=&#8221;https:\/\/bushisistem.com\/wp-content\/uploads\/2022\/07\/2.jpg&#8221; custom_margin=&#8221;|5px||5px|false|true&#8221; custom_padding=&#8221;0vw|0px|0vw|0px|true|false&#8221; bottom_divider_style=&#8221;mountains2&#8243; bottom_divider_color=&#8221;rgba(5,41,66,0.3)&#8221; bottom_divider_height=&#8221;50%&#8221; animation_style=&#8221;slide&#8221; animation_direction=&#8221;bottom&#8221; animation_intensity_slide=&#8221;6%&#8221; animation_starting_opacity=&#8221;100%&#8221; saved_tabs=&#8221;all&#8221; global_colors_info=&#8221;{}&#8221;][et_pb_row admin_label=&#8221;Footer Row&#8221; _builder_version=&#8221;4.16&#8243; _module_preset=&#8221;default&#8221; custom_padding=&#8221;|||&#8221; global_colors_info=&#8221;{}&#8221;][et_pb_column type=&#8221;4_4&#8243; _builder_version=&#8221;4.16&#8243; _module_preset=&#8221;default&#8221; custom_padding=&#8221;|||&#8221; global_colors_info=&#8221;{}&#8221; custom_padding__hover=&#8221;|||&#8221;][et_pb_text admin_label=&#8221;Title&#8221; _builder_version=&#8221;4.17.4&#8243; _module_preset=&#8221;default&#8221; text_font=&#8221;Montserrat||||||||&#8221; text_text_color=&#8221;#a4bccb&#8221; text_font_size=&#8221;20px&#8221; text_line_height=&#8221;1.5em&#8221; header_font=&#8221;||||||||&#8221; header_2_font=&#8221;Montserrat||||||||&#8221; header_2_text_align=&#8221;center&#8221; header_2_line_height=&#8221;1.5em&#8221; header_3_font=&#8221;Montserrat|500|||||||&#8221; header_3_text_align=&#8221;center&#8221; header_3_font_size=&#8221;55px&#8221; header_3_line_height=&#8221;1.5em&#8221; text_orientation=&#8221;center&#8221; background_layout=&#8221;dark&#8221; max_width=&#8221;700px&#8221; module_alignment=&#8221;center&#8221; custom_margin=&#8221;||0px|&#8221; header_3_font_size_tablet=&#8221;60px&#8221; header_3_font_size_phone=&#8221;25px&#8221; header_3_font_size_last_edited=&#8221;on|tablet&#8221; global_colors_info=&#8221;{}&#8221;]<\/p>\n<h2>Sh\u00ebrbim i Plot\u00eb<\/h2>\n<h3>Montim &amp; Mir\u00ebmbajtje<\/h3>\n<p>[\/et_pb_text][\/et_pb_column][\/et_pb_row][et_pb_row admin_label=&#8221;CTA Row&#8221; _builder_version=&#8221;4.17.4&#8243; _module_preset=&#8221;default&#8221; custom_padding=&#8221;0px||||false|false&#8221; global_colors_info=&#8221;{}&#8221;][et_pb_column type=&#8221;4_4&#8243; _builder_version=&#8221;4.16&#8243; _module_preset=&#8221;default&#8221; custom_padding=&#8221;|||&#8221; global_colors_info=&#8221;{}&#8221; custom_padding__hover=&#8221;|||&#8221;][et_pb_blurb title=&#8221;Telefono Tani&#8221; image=&#8221;https:\/\/bushisistem.com\/wp-content\/uploads\/2022\/07\/Call_icon.png&#8221; admin_label=&#8221;CTA&#8221; _builder_version=&#8221;4.17.4&#8243; _module_preset=&#8221;default&#8221; header_font=&#8221;Montserrat||||||||&#8221; header_text_color=&#8221;#a4bccb&#8221; header_font_size=&#8221;20px&#8221; header_line_height=&#8221;1.5em&#8221; body_font=&#8221;Montserrat|500|||||||&#8221; body_text_align=&#8221;center&#8221; body_font_size=&#8221;30px&#8221; text_orientation=&#8221;center&#8221; background_layout=&#8221;dark&#8221; animation=&#8221;off&#8221; body_font_size_tablet=&#8221;30px&#8221; body_font_size_phone=&#8221;22px&#8221; body_font_size_last_edited=&#8221;on|phone&#8221; global_colors_info=&#8221;{}&#8221;]<\/p>\n<p><span style=\"color: #ffffff;\"><strong><a href=\"tel: 355692092622\" target=\"_blank\" rel=\"noopener\" style=\"color: #ffffff;\">(+355) 69 209 2622<\/a><\/strong><\/span><\/p>\n<p>ose<\/p>\n<p>[\/et_pb_blurb][et_pb_button button_text=&#8221;K\u00ebrko Preventiv Online&#8221; button_alignment=&#8221;center&#8221; admin_label=&#8221;CTA Button&#8221; _builder_version=&#8221;4.17.4&#8243; _module_preset=&#8221;default&#8221; custom_button=&#8221;on&#8221; button_text_size=&#8221;14px&#8221; button_text_color=&#8221;#ffffff&#8221; button_bg_color=&#8221;#f6961b&#8221; button_border_width=&#8221;12px&#8221; button_border_color=&#8221;#f6961b&#8221; button_border_radius=&#8221;2px&#8221; button_letter_spacing=&#8221;0px&#8221; button_font=&#8221;Montserrat|700||on|||||&#8221; custom_margin=&#8221;30px|||&#8221; custom_padding=&#8221;|||&#8221; button_border_radius_hover=&#8221;4px&#8221; locked=&#8221;off&#8221; global_colors_info=&#8221;{}&#8221; button_text_size__hover_enabled=&#8221;off&#8221; button_one_text_size__hover_enabled=&#8221;off&#8221; button_two_text_size__hover_enabled=&#8221;off&#8221; button_text_color__hover_enabled=&#8221;off&#8221; button_one_text_color__hover_enabled=&#8221;off&#8221; button_two_text_color__hover_enabled=&#8221;off&#8221; button_border_width__hover_enabled=&#8221;off&#8221; button_one_border_width__hover_enabled=&#8221;off&#8221; button_two_border_width__hover_enabled=&#8221;off&#8221; button_border_color__hover_enabled=&#8221;off&#8221; button_one_border_color__hover_enabled=&#8221;off&#8221; button_two_border_color__hover_enabled=&#8221;off&#8221; button_border_radius__hover_enabled=&#8221;on&#8221; button_border_radius__hover=&#8221;4px&#8221; button_one_border_radius__hover_enabled=&#8221;off&#8221; button_two_border_radius__hover_enabled=&#8221;off&#8221; button_letter_spacing__hover_enabled=&#8221;off&#8221; button_one_letter_spacing__hover_enabled=&#8221;off&#8221; button_two_letter_spacing__hover_enabled=&#8221;off&#8221; button_bg_color__hover_enabled=&#8221;off&#8221; button_one_bg_color__hover_enabled=&#8221;off&#8221; button_two_bg_color__hover_enabled=&#8221;off&#8221;][\/et_pb_button][\/et_pb_column][\/et_pb_row][\/et_pb_section]<\/p>","protected":false},"excerpt":{"rendered":"<p>Galeria DISA NGA PUNIMET TONASh\u00ebrbim i Plot\u00eb Montim &amp; Mir\u00ebmbajtje(+355) 69 209 2622 ose<\/p>","protected":false},"author":1,"featured_media":0,"parent":0,"menu_order":0,"comment_status":"closed","ping_status":"closed","template":"","meta":{"_et_pb_use_builder":"on","_et_pb_old_content":"","_et_gb_content_width":"","footnotes":""},"class_list":["post-4394520","page","type-page","status-publish","hentry"],"yoast_head":"<!-- This site is optimized with the Yoast SEO plugin v27.3 - https:\/\/yoast.com\/product\/yoast-seo-wordpress\/ -->\n<title>GALERIA - Bushi Sistem<\/title>\n<meta name=\"description\" content=\"Siteme Industriale Kondicionimi. Siteme Industriale Aspirimi. Siteme Industriale Chiller. Sisteme Kondicionimi &amp; Aspirimi per Shtepi, Biznese dhe Industri\" \/>\n<meta name=\"robots\" content=\"index, follow, max-snippet:-1, max-image-preview:large, max-video-preview:-1\" \/>\n<link rel=\"canonical\" href=\"http:\/\/bushisistem.com\/en\/galeria\/\" \/>\n<meta property=\"og:locale\" content=\"en_GB\" \/>\n<meta property=\"og:type\" content=\"article\" \/>\n<meta property=\"og:title\" content=\"GALERIA - Bushi Sistem\" \/>\n<meta property=\"og:description\" content=\"Siteme Industriale Kondicionimi. Siteme Industriale Aspirimi. Siteme Industriale Chiller. Sisteme Kondicionimi &amp; Aspirimi per Shtepi, Biznese dhe Industri\" \/>\n<meta property=\"og:url\" content=\"http:\/\/bushisistem.com\/en\/galeria\/\" \/>\n<meta property=\"og:site_name\" content=\"Bushi Sistem\" \/>\n<meta property=\"article:publisher\" content=\"https:\/\/www.facebook.com\/BUSHI-Sistem-882003891881017\/\" \/>\n<meta property=\"article:modified_time\" content=\"2022-07-13T08:15:18+00:00\" \/>\n<meta name=\"twitter:card\" content=\"summary_large_image\" \/>\n<meta name=\"twitter:label1\" content=\"Estimated reading time\" \/>\n\t<meta name=\"twitter:data1\" content=\"5 minutes\" \/>\n<script type=\"application\/ld+json\" class=\"yoast-schema-graph\">{\"@context\":\"https:\\\/\\\/schema.org\",\"@graph\":[{\"@type\":\"WebPage\",\"@id\":\"http:\\\/\\\/bushisistem.com\\\/al\\\/galeria\\\/\",\"url\":\"http:\\\/\\\/bushisistem.com\\\/al\\\/galeria\\\/\",\"name\":\"GALERIA - Bushi Sistem\",\"isPartOf\":{\"@id\":\"http:\\\/\\\/bushisistem.com\\\/al\\\/#website\"},\"datePublished\":\"2022-07-09T13:50:09+00:00\",\"dateModified\":\"2022-07-13T08:15:18+00:00\",\"description\":\"Siteme Industriale Kondicionimi. Siteme Industriale Aspirimi. Siteme Industriale Chiller. Sisteme Kondicionimi & Aspirimi per Shtepi, Biznese dhe Industri\",\"breadcrumb\":{\"@id\":\"http:\\\/\\\/bushisistem.com\\\/al\\\/galeria\\\/#breadcrumb\"},\"inLanguage\":\"en-GB\",\"potentialAction\":[{\"@type\":\"ReadAction\",\"target\":[\"http:\\\/\\\/bushisistem.com\\\/al\\\/galeria\\\/\"]}]},{\"@type\":\"BreadcrumbList\",\"@id\":\"http:\\\/\\\/bushisistem.com\\\/al\\\/galeria\\\/#breadcrumb\",\"itemListElement\":[{\"@type\":\"ListItem\",\"position\":1,\"name\":\"Home\",\"item\":\"https:\\\/\\\/bushisistem.com\\\/al\\\/\"},{\"@type\":\"ListItem\",\"position\":2,\"name\":\"GALERIA\"}]},{\"@type\":\"WebSite\",\"@id\":\"http:\\\/\\\/bushisistem.com\\\/al\\\/#website\",\"url\":\"http:\\\/\\\/bushisistem.com\\\/al\\\/\",\"name\":\"Bushi Sistem\",\"description\":\"Sisteme Kondicionimi, Siteme Aspirimi, Sisteme Chiller. Sisteme Industriale Kondicionimi &amp; Aspirimi\",\"publisher\":{\"@id\":\"http:\\\/\\\/bushisistem.com\\\/al\\\/#organization\"},\"potentialAction\":[{\"@type\":\"SearchAction\",\"target\":{\"@type\":\"EntryPoint\",\"urlTemplate\":\"http:\\\/\\\/bushisistem.com\\\/al\\\/?s={search_term_string}\"},\"query-input\":{\"@type\":\"PropertyValueSpecification\",\"valueRequired\":true,\"valueName\":\"search_term_string\"}}],\"inLanguage\":\"en-GB\"},{\"@type\":\"Organization\",\"@id\":\"http:\\\/\\\/bushisistem.com\\\/al\\\/#organization\",\"name\":\"Bushi Sistem\",\"url\":\"http:\\\/\\\/bushisistem.com\\\/al\\\/\",\"logo\":{\"@type\":\"ImageObject\",\"inLanguage\":\"en-GB\",\"@id\":\"http:\\\/\\\/bushisistem.com\\\/al\\\/#\\\/schema\\\/logo\\\/image\\\/\",\"url\":\"https:\\\/\\\/bushisistem.com\\\/wp-content\\\/uploads\\\/2022\\\/07\\\/LOGO-New.jpg\",\"contentUrl\":\"https:\\\/\\\/bushisistem.com\\\/wp-content\\\/uploads\\\/2022\\\/07\\\/LOGO-New.jpg\",\"width\":410,\"height\":95,\"caption\":\"Bushi Sistem\"},\"image\":{\"@id\":\"http:\\\/\\\/bushisistem.com\\\/al\\\/#\\\/schema\\\/logo\\\/image\\\/\"},\"sameAs\":[\"https:\\\/\\\/www.facebook.com\\\/BUSHI-Sistem-882003891881017\\\/\",\"https:\\\/\\\/www.instagram.com\\\/bushi.sistem\\\/\"]}]}<\/script>\n<!-- \/ Yoast SEO plugin. -->","yoast_head_json":{"title":"GALERIA - Bushi Sistem","description":"Siteme Industriale Kondicionimi. Siteme Industriale Aspirimi. Siteme Industriale Chiller. Sisteme Kondicionimi & Aspirimi per Shtepi, Biznese dhe Industri","robots":{"index":"index","follow":"follow","max-snippet":"max-snippet:-1","max-image-preview":"max-image-preview:large","max-video-preview":"max-video-preview:-1"},"canonical":"http:\/\/bushisistem.com\/en\/galeria\/","og_locale":"en_GB","og_type":"article","og_title":"GALERIA - Bushi Sistem","og_description":"Siteme Industriale Kondicionimi. Siteme Industriale Aspirimi. Siteme Industriale Chiller. Sisteme Kondicionimi & Aspirimi per Shtepi, Biznese dhe Industri","og_url":"http:\/\/bushisistem.com\/en\/galeria\/","og_site_name":"Bushi Sistem","article_publisher":"https:\/\/www.facebook.com\/BUSHI-Sistem-882003891881017\/","article_modified_time":"2022-07-13T08:15:18+00:00","twitter_card":"summary_large_image","twitter_misc":{"Estimated reading time":"5 minutes"},"schema":{"@context":"https:\/\/schema.org","@graph":[{"@type":"WebPage","@id":"http:\/\/bushisistem.com\/al\/galeria\/","url":"http:\/\/bushisistem.com\/al\/galeria\/","name":"GALERIA - Bushi Sistem","isPartOf":{"@id":"http:\/\/bushisistem.com\/al\/#website"},"datePublished":"2022-07-09T13:50:09+00:00","dateModified":"2022-07-13T08:15:18+00:00","description":"Siteme Industriale Kondicionimi. Siteme Industriale Aspirimi. Siteme Industriale Chiller. Sisteme Kondicionimi & Aspirimi per Shtepi, Biznese dhe Industri","breadcrumb":{"@id":"http:\/\/bushisistem.com\/al\/galeria\/#breadcrumb"},"inLanguage":"en-GB","potentialAction":[{"@type":"ReadAction","target":["http:\/\/bushisistem.com\/al\/galeria\/"]}]},{"@type":"BreadcrumbList","@id":"http:\/\/bushisistem.com\/al\/galeria\/#breadcrumb","itemListElement":[{"@type":"ListItem","position":1,"name":"Home","item":"https:\/\/bushisistem.com\/al\/"},{"@type":"ListItem","position":2,"name":"GALERIA"}]},{"@type":"WebSite","@id":"http:\/\/bushisistem.com\/al\/#website","url":"http:\/\/bushisistem.com\/al\/","name":"Bushi Sistem","description":"Sisteme Kondicionimi, Siteme Aspirimi, Sisteme Chiller. Sisteme Industriale Kondicionimi &amp; Aspirimi","publisher":{"@id":"http:\/\/bushisistem.com\/al\/#organization"},"potentialAction":[{"@type":"SearchAction","target":{"@type":"EntryPoint","urlTemplate":"http:\/\/bushisistem.com\/al\/?s={search_term_string}"},"query-input":{"@type":"PropertyValueSpecification","valueRequired":true,"valueName":"search_term_string"}}],"inLanguage":"en-GB"},{"@type":"Organization","@id":"http:\/\/bushisistem.com\/al\/#organization","name":"Bushi Sistem","url":"http:\/\/bushisistem.com\/al\/","logo":{"@type":"ImageObject","inLanguage":"en-GB","@id":"http:\/\/bushisistem.com\/al\/#\/schema\/logo\/image\/","url":"https:\/\/bushisistem.com\/wp-content\/uploads\/2022\/07\/LOGO-New.jpg","contentUrl":"https:\/\/bushisistem.com\/wp-content\/uploads\/2022\/07\/LOGO-New.jpg","width":410,"height":95,"caption":"Bushi Sistem"},"image":{"@id":"http:\/\/bushisistem.com\/al\/#\/schema\/logo\/image\/"},"sameAs":["https:\/\/www.facebook.com\/BUSHI-Sistem-882003891881017\/","https:\/\/www.instagram.com\/bushi.sistem\/"]}]}},"_links":{"self":[{"href":"https:\/\/bushisistem.com\/en\/wp-json\/wp\/v2\/pages\/4394520","targetHints":{"allow":["GET"]}}],"collection":[{"href":"https:\/\/bushisistem.com\/en\/wp-json\/wp\/v2\/pages"}],"about":[{"href":"https:\/\/bushisistem.com\/en\/wp-json\/wp\/v2\/types\/page"}],"author":[{"embeddable":true,"href":"https:\/\/bushisistem.com\/en\/wp-json\/wp\/v2\/users\/1"}],"replies":[{"embeddable":true,"href":"https:\/\/bushisistem.com\/en\/wp-json\/wp\/v2\/comments?post=4394520"}],"version-history":[{"count":7,"href":"https:\/\/bushisistem.com\/en\/wp-json\/wp\/v2\/pages\/4394520\/revisions"}],"predecessor-version":[{"id":4394571,"href":"https:\/\/bushisistem.com\/en\/wp-json\/wp\/v2\/pages\/4394520\/revisions\/4394571"}],"wp:attachment":[{"href":"https:\/\/bushisistem.com\/en\/wp-json\/wp\/v2\/media?parent=4394520"}],"curies":[{"name":"wp","href":"https:\/\/api.w.org\/{rel}","templated":true}]}}